
{"id":29429,"date":"2020-09-28T14:50:08","date_gmt":"2020-09-28T13:50:08","guid":{"rendered":"https:\/\/asap.grad.hr\/publikacije\/"},"modified":"2021-11-30T17:43:58","modified_gmt":"2021-11-30T16:43:58","slug":"publications","status":"publish","type":"page","link":"https:\/\/asap.grad.hr\/en\/publications\/","title":{"rendered":"PUBLICATIONS"},"content":{"rendered":"<p>[et_pb_section fb_built=&#8221;1&#8243; _builder_version=&#8221;4.6.0&#8243; use_background_color_gradient=&#8221;on&#8221; background_color_gradient_start=&#8221;rgba(12,113,195,0.63)&#8221; background_color_gradient_end=&#8221;rgba(12,113,195,0.61)&#8221; background_color_gradient_direction=&#8221;0deg&#8221; background_color_gradient_start_position=&#8221;86%&#8221; background_color_gradient_end_position=&#8221;0%&#8221; background_color_gradient_overlays_image=&#8221;on&#8221; background_image=&#8221;https:\/\/asap.grad.hr\/wp-content\/uploads\/2020\/09\/projekt-scaled.jpg&#8221; custom_padding=&#8221;62px|0px|62px|0px|false|false&#8221; animation_style=&#8221;fade&#8221; animation_duration=&#8221;1500ms&#8221; background_last_edited=&#8221;off|desktop&#8221; background_image_phone=&#8221;https:\/\/asap.grad.hr\/wp-content\/uploads\/2020\/09\/mobile.jpg&#8221; background_enable_image_phone=&#8221;on&#8221; background_size_phone=&#8221;cover&#8221; background_position_phone=&#8221;top_center&#8221; title_text_phone=&#8221;coaching-mobile&#8221;][et_pb_row custom_padding_last_edited=&#8221;on|desktop&#8221; _builder_version=&#8221;4.6.0&#8243; custom_padding=&#8221;50px|0px|50px|0px|true|false&#8221; custom_padding_tablet=&#8221;&#8221; custom_padding_phone=&#8221;150px|0px|0px|0px|false|false&#8221; saved_tabs=&#8221;all&#8221;][et_pb_column type=&#8221;4_4&#8243; _builder_version=&#8221;4.6.0&#8243; custom_padding=&#8221;|||&#8221; custom_padding__hover=&#8221;|||&#8221;][et_pb_post_title meta=&#8221;off&#8221; featured_image=&#8221;off&#8221; _builder_version=&#8221;4.6.0&#8243; _module_preset=&#8221;default&#8221; title_font=&#8221;|||on|||||&#8221; title_text_align=&#8221;center&#8221; title_text_color=&#8221;#ffffff&#8221; title_font_size=&#8221;55px&#8221; title_font_size_tablet=&#8221;&#8221; title_font_size_phone=&#8221;45px&#8221; title_font_size_last_edited=&#8221;on|phone&#8221;][\/et_pb_post_title][\/et_pb_column][\/et_pb_row][\/et_pb_section][et_pb_section fb_built=&#8221;1&#8243; _builder_version=&#8221;4.6.0&#8243; _module_preset=&#8221;default&#8221; custom_padding=&#8221;29px||11px|||&#8221;][et_pb_row _builder_version=&#8221;4.6.0&#8243; _module_preset=&#8221;default&#8221;][et_pb_column type=&#8221;4_4&#8243; _builder_version=&#8221;4.6.0&#8243; _module_preset=&#8221;default&#8221;][et_pb_text _builder_version=&#8221;4.6.0&#8243; _module_preset=&#8221;default&#8221; link_text_color=&#8221;#0c71c3&#8243; ol_line_height=&#8221;1.8em&#8221;]<\/p>\n<ol>\n<li style=\"font-weight: 400;\"><span style=\"font-weight: 400;\">Duvnjak, I.; Ereiz, S.; Damjanovi\u0107, D.; Bartolac, M. <\/span><a href=\"https:\/\/www.mdpi.com\/2076-3417\/10\/17\/6036\"><span style=\"font-weight: 400;\">Determination of Axial Force in Tie Rods of Historical Buildings Using the Model-Updating Technique<\/span><\/a><span style=\"font-weight: 400;\">. <\/span><i><span style=\"font-weight: 400;\">Appl. Sci.<\/span><\/i><span style=\"font-weight: 400;\"> 2020, <\/span><i><span style=\"font-weight: 400;\">10<\/span><\/i><span style=\"font-weight: 400;\">, 6036.<\/span><\/li>\n<li style=\"font-weight: 400;\"><span style=\"font-weight: 400;\">M. Car, L. Markovic, A. Ivanovic, M. Orsag and S. Bogdan, \u201c<\/span><a href=\"https:\/\/ieeexplore.ieee.org\/document\/9142230\"><span style=\"font-weight: 400;\">Autonomous Wind-Turbine Blade Inspection Using LiDAR-Equipped Unmanned Aerial Vehicle<\/span><\/a><span style=\"font-weight: 400;\">,\u201d in <\/span><i><span style=\"font-weight: 400;\">IEEE Access<\/span><\/i><span style=\"font-weight: 400;\">, vol. 8, pp. 131380-131387, 2020, doi: 10.1109\/ACCESS.2020.3009738.<\/span><\/li>\n<li style=\"font-weight: 400;\"><a href=\"https:\/\/master.grad.hr\/phd-simpozij\/2020\/proceedings\/6_PHD_simpozij_2020.pdf\"><span style=\"font-weight: 400;\">Review of methods for improving numerical models by applying the results of experimental research in dynamic analysis of structures<\/span><\/a><span style=\"font-weight: 400;\">, Suzana Ereiz, Asst. Prof. Ivan Duvnjak, 6th Symposium of Doctoral Studies in Civil Engineering, Proceedings, p. 123.<\/span><\/li>\n<li style=\"font-weight: 400;\"><a href=\"https:\/\/master.grad.hr\/phd-simpozij\/2020\/proceedings\/6_PHD_simpozij_2020.pdf\"><span style=\"font-weight: 400;\">Condition assessment of concrete structures using ground penetrating radar (GPR)<\/span><\/a><span style=\"font-weight: 400;\">, Ksenija Te\u0161i\u0107, Asst. Prof. Ana Baricevic, Asst. Prof. Marijana Serdar, 6th Symposium of Doctoral Studies in Civil Engineering, Proceedings, p. 197.<\/span><\/li>\n<li><a href=\"https:\/\/ieeexplore.ieee.org\/stamp\/stamp.jsp?arnumber=9264015\">High precision data acquisition system for resistance measurement with Wheatstone bridge<\/a>, Filip Bari\u0161i\u0107, Kristijan \u0160poljari\u0107, Hrvoje Hegedu\u0161, Petar Mostarac,\u00a03rd International Colloquium on Intelligent Grid Metrology (SMAGRIMET) online event, October 20-23, 2020.<\/li>\n<li>Te\u0161i\u0107, K.; Bari\u010devi\u0107, A.; Serdar, M. <a href=\"https:\/\/www.mdpi.com\/1996-1944\/14\/4\/975\">Non-Destructive Corrosion Inspection of Reinforced Concrete Using Ground-Penetrating Radar: A Review.<\/a>\u00a0<em>Materials<\/em>\u00a02021,\u00a0<em>14<\/em>, 975. https:\/\/doi.org\/10.3390\/ma14040975<\/li>\n<li>Ereiz, S.; Duvnjak, I.; Damjanovi\u0107, D.; Bartolac, M. <a href=\"https:\/\/www.mdpi.com\/2075-5309\/11\/10\/453\">Analysis of Seismic Action on the Tie Rod System in Historic Buildings Using Finite Element Model Updating<\/a>.\u00a0<em>Buildings<\/em>\u00a02021,\u00a0<em>11<\/em>, 453. https:\/\/doi.org\/10.3390\/buildings11100453\u00a0<\/li>\n<li>Lovro Markovic, Marko Car, Matko Orsag and Stjepan Bogdan &#8211; <a href=\"https:\/\/ieeexplore.ieee.org\/abstract\/document\/9561886\">\u201cAdaptive stiffness estimation impedance control for achieving sustained contact in aerial manipulation\u201d<\/a>, International Conference on Robotics and Automation (ICRA) 2021<\/li>\n<li>Antun Ivanovic, Lovro Markovic, Marko Car, Ivan Duvnjak and Matko Orsag &#8211; <a href=\"https:\/\/www.mdpi.com\/2076-3417\/11\/18\/8279\">\u201cTowards Autonomous Bridge Inspection: Sensor Mounting using Aerial Manipulators\u201d<\/a>, MDPI &#8211; Applied Sciences 2021. Volume 11. (Nr. 18)\u00a0<\/li>\n<li>Ivan Duvnjak, Ivan Klepo, Marijana Serdar, Domagoj Damjanovi\u0107 \u2013<a href=\"https:\/\/www.mdpi.com\/2075-5309\/11\/10\/425\">\u00a0Damage Assessment of Reinforced Concrete Elements Due to<\/a><br \/><a href=\"https:\/\/www.mdpi.com\/2075-5309\/11\/10\/425\">Corrosion Effect Using Dynamic Parameters: A Review,\u00a0Buildings 2021, 11, 425. https:\/\/doi.org\/10.3390\/buildings11100425<\/a><\/li>\n<\/ol>\n<p>[\/et_pb_text][\/et_pb_column][\/et_pb_row][\/et_pb_section][et_pb_section fb_built=&#8221;1&#8243; _builder_version=&#8221;4.6.0&#8243; _module_preset=&#8221;default&#8221; custom_padding=&#8221;7px||29px|||&#8221;][et_pb_row _builder_version=&#8221;4.6.0&#8243; _module_preset=&#8221;default&#8221; custom_padding=&#8221;3px||4px|||&#8221;][et_pb_column type=&#8221;4_4&#8243; _builder_version=&#8221;4.6.0&#8243; _module_preset=&#8221;default&#8221;][et_pb_image src=&#8221;https:\/\/asap.grad.hr\/wp-content\/uploads\/2020\/09\/opis-projekta.jpg&#8221; title_text=&#8221;opis projekta&#8221; _builder_version=&#8221;4.6.0&#8243; _module_preset=&#8221;default&#8221;][\/et_pb_image][\/et_pb_column][\/et_pb_row][\/et_pb_section]<\/p>\n","protected":false},"excerpt":{"rendered":"<p>[et_pb_section fb_built=&#8221;1&#8243; _builder_version=&#8221;4.6.0&#8243; use_background_color_gradient=&#8221;on&#8221; background_color_gradient_start=&#8221;rgba(12,113,195,0.63)&#8221; background_color_gradient_end=&#8221;rgba(12,113,195,0.61)&#8221; background_color_gradient_direction=&#8221;0deg&#8221; background_color_gradient_start_position=&#8221;86%&#8221; background_color_gradient_end_position=&#8221;0%&#8221; background_color_gradient_overlays_image=&#8221;on&#8221; background_image=&#8221;https:\/\/asap.grad.hr\/wp-content\/uploads\/2020\/09\/projekt-scaled.jpg&#8221; custom_padding=&#8221;62px|0px|62px|0px|false|false&#8221; animation_style=&#8221;fade&#8221; animation_duration=&#8221;1500ms&#8221; background_last_edited=&#8221;off|desktop&#8221; background_image_phone=&#8221;https:\/\/asap.grad.hr\/wp-content\/uploads\/2020\/09\/mobile.jpg&#8221; background_enable_image_phone=&#8221;on&#8221; background_size_phone=&#8221;cover&#8221; background_position_phone=&#8221;top_center&#8221; title_text_phone=&#8221;coaching-mobile&#8221;][et_pb_row custom_padding_last_edited=&#8221;on|desktop&#8221; _builder_version=&#8221;4.6.0&#8243; custom_padding=&#8221;50px|0px|50px|0px|true|false&#8221; custom_padding_tablet=&#8221;&#8221; custom_padding_phone=&#8221;150px|0px|0px|0px|false|false&#8221; saved_tabs=&#8221;all&#8221;][et_pb_column type=&#8221;4_4&#8243; _builder_version=&#8221;4.6.0&#8243; custom_padding=&#8221;|||&#8221; custom_padding__hover=&#8221;|||&#8221;][et_pb_post_title meta=&#8221;off&#8221; featured_image=&#8221;off&#8221; _builder_version=&#8221;4.6.0&#8243; _module_preset=&#8221;default&#8221; title_font=&#8221;|||on|||||&#8221; title_text_align=&#8221;center&#8221; title_text_color=&#8221;#ffffff&#8221; title_font_size=&#8221;55px&#8221; title_font_size_tablet=&#8221;&#8221; title_font_size_phone=&#8221;45px&#8221; title_font_size_last_edited=&#8221;on|phone&#8221;][\/et_pb_post_title][\/et_pb_column][\/et_pb_row][\/et_pb_section][et_pb_section fb_built=&#8221;1&#8243; _builder_version=&#8221;4.6.0&#8243; _module_preset=&#8221;default&#8221; custom_padding=&#8221;29px||11px|||&#8221;][et_pb_row _builder_version=&#8221;4.6.0&#8243; _module_preset=&#8221;default&#8221;][et_pb_column type=&#8221;4_4&#8243; _builder_version=&#8221;4.6.0&#8243; _module_preset=&#8221;default&#8221;][et_pb_text _builder_version=&#8221;4.6.0&#8243; _module_preset=&#8221;default&#8221; link_text_color=&#8221;#0c71c3&#8243; ol_line_height=&#8221;1.8em&#8221;] Duvnjak, [&hellip;]<\/p>\n","protected":false},"author":2,"featured_media":0,"parent":0,"menu_order":0,"comment_status":"closed","ping_status":"closed","template":"","meta":{"_et_pb_use_builder":"on","_et_pb_old_content":"","_et_gb_content_width":"","footnotes":""},"class_list":["post-29429","page","type-page","status-publish","hentry"],"_links":{"self":[{"href":"https:\/\/asap.grad.hr\/en\/wp-json\/wp\/v2\/pages\/29429\/"}],"collection":[{"href":"https:\/\/asap.grad.hr\/en\/wp-json\/wp\/v2\/pages\/"}],"about":[{"href":"https:\/\/asap.grad.hr\/en\/wp-json\/wp\/v2\/types\/page\/"}],"author":[{"embeddable":true,"href":"https:\/\/asap.grad.hr\/en\/wp-json\/wp\/v2\/users\/2\/"}],"replies":[{"embeddable":true,"href":"https:\/\/asap.grad.hr\/en\/wp-json\/wp\/v2\/comments\/?post=29429"}],"version-history":[{"count":8,"href":"https:\/\/asap.grad.hr\/en\/wp-json\/wp\/v2\/pages\/29429\/revisions\/"}],"predecessor-version":[{"id":29997,"href":"https:\/\/asap.grad.hr\/en\/wp-json\/wp\/v2\/pages\/29429\/revisions\/29997\/"}],"wp:attachment":[{"href":"https:\/\/asap.grad.hr\/en\/wp-json\/wp\/v2\/media\/?parent=29429"}],"curies":[{"name":"wp","href":"https:\/\/api.w.org\/{rel}","templated":true}]}}